{"id":14455,"date":"2026-02-27T19:50:27","date_gmt":"2026-02-27T19:50:27","guid":{"rendered":"https:\/\/www.amipass.com\/?page_id=14455"},"modified":"2026-04-06T22:13:09","modified_gmt":"2026-04-06T22:13:09","slug":"estandar-de-beneficios","status":"publish","type":"page","link":"https:\/\/www.amipass.com\/en\/estandar-de-beneficios\/","title":{"rendered":"estandar"},"content":{"rendered":"<div data-elementor-type=\"wp-page\" data-elementor-id=\"14455\" class=\"elementor elementor-14455\">\n\t\t\t\t\t\t\t\t\t<section data-particle_enable=\"false\" data-particle-mobile-disabled=\"false\" class=\"elementor-section elementor-top-section elementor-element elementor-element-2a85d56 elementor-section-height-full elementor-section-boxed elementor-section-height-default elementor-section-items-middle\" data-id=\"2a85d56\" data-element_type=\"section\" data-settings=\"{&quot;background_background&quot;:&quot;classic&quot;}\">\n\t\t\t\t\t\t\t<div class=\"elementor-background-overlay\"><\/div>\n\t\t\t\t\t\t\t<div class=\"elementor-container elementor-column-gap-default\">\n\t\t\t\t\t<div class=\"elementor-column elementor-col-66 elementor-top-column elementor-element elementor-element-0b36a9a\" data-id=\"0b36a9a\" data-element_type=\"column\">\n\t\t\t<div class=\"elementor-widget-wrap elementor-element-populated\">\n\t\t\t\t\t\t\t\t<div class=\"elementor-element elementor-element-9447d80 elementor-widget elementor-widget-site-logo\" data-id=\"9447d80\" data-element_type=\"widget\" data-settings=\"{&quot;align&quot;:&quot;left&quot;,&quot;width&quot;:{&quot;unit&quot;:&quot;%&quot;,&quot;size&quot;:&quot;&quot;,&quot;sizes&quot;:[]},&quot;width_tablet&quot;:{&quot;unit&quot;:&quot;%&quot;,&quot;size&quot;:&quot;&quot;,&quot;sizes&quot;:[]},&quot;width_mobile&quot;:{&quot;unit&quot;:&quot;%&quot;,&quot;size&quot;:&quot;&quot;,&quot;sizes&quot;:[]},&quot;space&quot;:{&quot;unit&quot;:&quot;%&quot;,&quot;size&quot;:&quot;&quot;,&quot;sizes&quot;:[]},&quot;space_tablet&quot;:{&quot;unit&quot;:&quot;%&quot;,&quot;size&quot;:&quot;&quot;,&quot;sizes&quot;:[]},&quot;space_mobile&quot;:{&quot;unit&quot;:&quot;%&quot;,&quot;size&quot;:&quot;&quot;,&quot;sizes&quot;:[]},&quot;image_border_radius&quot;:{&quot;unit&quot;:&quot;px&quot;,&quot;top&quot;:&quot;&quot;,&quot;right&quot;:&quot;&quot;,&quot;bottom&quot;:&quot;&quot;,&quot;left&quot;:&quot;&quot;,&quot;isLinked&quot;:true},&quot;image_border_radius_tablet&quot;:{&quot;unit&quot;:&quot;px&quot;,&quot;top&quot;:&quot;&quot;,&quot;right&quot;:&quot;&quot;,&quot;bottom&quot;:&quot;&quot;,&quot;left&quot;:&quot;&quot;,&quot;isLinked&quot;:true},&quot;image_border_radius_mobile&quot;:{&quot;unit&quot;:&quot;px&quot;,&quot;top&quot;:&quot;&quot;,&quot;right&quot;:&quot;&quot;,&quot;bottom&quot;:&quot;&quot;,&quot;left&quot;:&quot;&quot;,&quot;isLinked&quot;:true},&quot;caption_padding&quot;:{&quot;unit&quot;:&quot;px&quot;,&quot;top&quot;:&quot;&quot;,&quot;right&quot;:&quot;&quot;,&quot;bottom&quot;:&quot;&quot;,&quot;left&quot;:&quot;&quot;,&quot;isLinked&quot;:true},&quot;caption_padding_tablet&quot;:{&quot;unit&quot;:&quot;px&quot;,&quot;top&quot;:&quot;&quot;,&quot;right&quot;:&quot;&quot;,&quot;bottom&quot;:&quot;&quot;,&quot;left&quot;:&quot;&quot;,&quot;isLinked&quot;:true},&quot;caption_padding_mobile&quot;:{&quot;unit&quot;:&quot;px&quot;,&quot;top&quot;:&quot;&quot;,&quot;right&quot;:&quot;&quot;,&quot;bottom&quot;:&quot;&quot;,&quot;left&quot;:&quot;&quot;,&quot;isLinked&quot;:true},&quot;caption_space&quot;:{&quot;unit&quot;:&quot;px&quot;,&quot;size&quot;:0,&quot;sizes&quot;:[]},&quot;caption_space_tablet&quot;:{&quot;unit&quot;:&quot;px&quot;,&quot;size&quot;:&quot;&quot;,&quot;sizes&quot;:[]},&quot;caption_space_mobile&quot;:{&quot;unit&quot;:&quot;px&quot;,&quot;size&quot;:&quot;&quot;,&quot;sizes&quot;:[]}}\" data-widget_type=\"site-logo.default\">\n\t\t\t\t<div class=\"elementor-widget-container\">\n\t\t\t\t\t<div class=\"hfe-site-logo\">\n\t\t\t\t\t\t\t\t\t<div class=\"hfe-site-logo-set\">           \n\t\t\t\t<div class=\"hfe-site-logo-container\">\n\t\t\t\t\t\t\t\t\t<img class=\"hfe-site-logo-img elementor-animation-\"  src=\"https:\/\/www.amipass.com\/wordpress\/wp-content\/uploads\/2023\/09\/Logotipo_amiPASS-300x84.png\" alt=\"Logotipo_amiPASS\"\/>\n\t\t\t\t<\/div>\n\t\t\t<\/div>\n\t\t\t\t\t\t<\/div>  \n\t\t\t\t\t<\/div>\n\t\t\t\t<\/div>\n\t\t\t\t<section data-particle_enable=\"false\" data-particle-mobile-disabled=\"false\" class=\"elementor-section elementor-inner-section elementor-element elementor-element-ea3705b elementor-section-boxed elementor-section-height-default elementor-section-height-default\" data-id=\"ea3705b\" data-element_type=\"section\">\n\t\t\t\t\t\t<div class=\"elementor-container elementor-column-gap-default\">\n\t\t\t\t\t<div class=\"elementor-column elementor-col-33 elementor-inner-column elementor-element elementor-element-44d0e43\" data-id=\"44d0e43\" data-element_type=\"column\">\n\t\t\t<div class=\"elementor-widget-wrap elementor-element-populated\">\n\t\t\t\t\t\t\t\t<div class=\"elementor-element elementor-element-4543444 elementor-widget elementor-widget-site-logo\" data-id=\"4543444\" data-element_type=\"widget\" data-settings=\"{&quot;_animation&quot;:&quot;none&quot;,&quot;align&quot;:&quot;center&quot;,&quot;width&quot;:{&quot;unit&quot;:&quot;%&quot;,&quot;size&quot;:&quot;&quot;,&quot;sizes&quot;:[]},&quot;width_tablet&quot;:{&quot;unit&quot;:&quot;%&quot;,&quot;size&quot;:&quot;&quot;,&quot;sizes&quot;:[]},&quot;width_mobile&quot;:{&quot;unit&quot;:&quot;%&quot;,&quot;size&quot;:&quot;&quot;,&quot;sizes&quot;:[]},&quot;space&quot;:{&quot;unit&quot;:&quot;%&quot;,&quot;size&quot;:&quot;&quot;,&quot;sizes&quot;:[]},&quot;space_tablet&quot;:{&quot;unit&quot;:&quot;%&quot;,&quot;size&quot;:&quot;&quot;,&quot;sizes&quot;:[]},&quot;space_mobile&quot;:{&quot;unit&quot;:&quot;%&quot;,&quot;size&quot;:&quot;&quot;,&quot;sizes&quot;:[]},&quot;image_border_radius&quot;:{&quot;unit&quot;:&quot;px&quot;,&quot;top&quot;:&quot;&quot;,&quot;right&quot;:&quot;&quot;,&quot;bottom&quot;:&quot;&quot;,&quot;left&quot;:&quot;&quot;,&quot;isLinked&quot;:true},&quot;image_border_radius_tablet&quot;:{&quot;unit&quot;:&quot;px&quot;,&quot;top&quot;:&quot;&quot;,&quot;right&quot;:&quot;&quot;,&quot;bottom&quot;:&quot;&quot;,&quot;left&quot;:&quot;&quot;,&quot;isLinked&quot;:true},&quot;image_border_radius_mobile&quot;:{&quot;unit&quot;:&quot;px&quot;,&quot;top&quot;:&quot;&quot;,&quot;right&quot;:&quot;&quot;,&quot;bottom&quot;:&quot;&quot;,&quot;left&quot;:&quot;&quot;,&quot;isLinked&quot;:true},&quot;caption_padding&quot;:{&quot;unit&quot;:&quot;px&quot;,&quot;top&quot;:&quot;&quot;,&quot;right&quot;:&quot;&quot;,&quot;bottom&quot;:&quot;&quot;,&quot;left&quot;:&quot;&quot;,&quot;isLinked&quot;:true},&quot;caption_padding_tablet&quot;:{&quot;unit&quot;:&quot;px&quot;,&quot;top&quot;:&quot;&quot;,&quot;right&quot;:&quot;&quot;,&quot;bottom&quot;:&quot;&quot;,&quot;left&quot;:&quot;&quot;,&quot;isLinked&quot;:true},&quot;caption_padding_mobile&quot;:{&quot;unit&quot;:&quot;px&quot;,&quot;top&quot;:&quot;&quot;,&quot;right&quot;:&quot;&quot;,&quot;bottom&quot;:&quot;&quot;,&quot;left&quot;:&quot;&quot;,&quot;isLinked&quot;:true},&quot;caption_space&quot;:{&quot;unit&quot;:&quot;px&quot;,&quot;size&quot;:0,&quot;sizes&quot;:[]},&quot;caption_space_tablet&quot;:{&quot;unit&quot;:&quot;px&quot;,&quot;size&quot;:&quot;&quot;,&quot;sizes&quot;:[]},&quot;caption_space_mobile&quot;:{&quot;unit&quot;:&quot;px&quot;,&quot;size&quot;:&quot;&quot;,&quot;sizes&quot;:[]}}\" data-widget_type=\"site-logo.default\">\n\t\t\t\t<div class=\"elementor-widget-container\">\n\t\t\t\t\t<div class=\"hfe-site-logo\">\n\t\t\t\t\t\t\t\t\t<div class=\"hfe-site-logo-set\">           \n\t\t\t\t<div class=\"hfe-site-logo-container\">\n\t\t\t\t\t\t\t\t\t<img class=\"hfe-site-logo-img elementor-animation-\"  src=\"https:\/\/www.amipass.com\/wordpress\/wp-content\/uploads\/2026\/02\/amigo-coffee-300x300.png\" alt=\"amigo-coffee\"\/>\n\t\t\t\t<\/div>\n\t\t\t<\/div>\n\t\t\t\t\t\t<\/div>  \n\t\t\t\t\t<\/div>\n\t\t\t\t<\/div>\n\t\t\t\t\t<\/div>\n\t\t<\/div>\n\t\t\t\t<div class=\"elementor-column elementor-col-66 elementor-inner-column elementor-element elementor-element-3d5803e\" data-id=\"3d5803e\" data-element_type=\"column\">\n\t\t\t<div class=\"elementor-widget-wrap elementor-element-populated\">\n\t\t\t\t\t\t\t\t<div class=\"elementor-element elementor-element-036e68c elementor-widget elementor-widget-heading\" data-id=\"036e68c\" data-element_type=\"widget\" data-widget_type=\"heading.default\">\n\t\t\t\t<div class=\"elementor-widget-container\">\n\t\t\t<style>\/*! elementor - v3.6.8 - 27-07-2022 *\/\n.elementor-heading-title{padding:0;margin:0;line-height:1}.elementor-widget-heading .elementor-heading-title[class*=elementor-size-]>a{color:inherit;font-size:inherit;line-height:inherit}.elementor-widget-heading .elementor-heading-title.elementor-size-small{font-size:15px}.elementor-widget-heading .elementor-heading-title.elementor-size-medium{font-size:19px}.elementor-widget-heading .elementor-heading-title.elementor-size-large{font-size:29px}.elementor-widget-heading .elementor-heading-title.elementor-size-xl{font-size:39px}.elementor-widget-heading .elementor-heading-title.elementor-size-xxl{font-size:59px}<\/style><h2 class=\"elementor-heading-title elementor-size-default\">\u00bfQu\u00e9 incluye un est\u00e1ndar de beneficios de clase mundial?<\/h2>\t\t<\/div>\n\t\t\t\t<\/div>\n\t\t\t\t<div class=\"elementor-element elementor-element-f172432 elementor-widget elementor-widget-heading\" data-id=\"f172432\" data-element_type=\"widget\" data-widget_type=\"heading.default\">\n\t\t\t\t<div class=\"elementor-widget-container\">\n\t\t\t<h2 class=\"elementor-heading-title elementor-size-default\">Revisa el est\u00e1ndar que usan +800 empresas y compara con lo que tienes hoy.<\/h2>\t\t<\/div>\n\t\t\t\t<\/div>\n\t\t\t\t\t<\/div>\n\t\t<\/div>\n\t\t\t\t\t\t\t<\/div>\n\t\t<\/section>\n\t\t\t\t<div class=\"elementor-element elementor-element-cfa185a elementor-align-left elementor-widget__width-auto e-transform elementor-widget elementor-widget-button\" data-id=\"cfa185a\" data-element_type=\"widget\" data-settings=\"{&quot;_transform_translateY_effect_hover&quot;:{&quot;unit&quot;:&quot;px&quot;,&quot;size&quot;:-10,&quot;sizes&quot;:[]},&quot;_transform_translateX_effect_hover&quot;:{&quot;unit&quot;:&quot;px&quot;,&quot;size&quot;:&quot;&quot;,&quot;sizes&quot;:[]},&quot;_transform_translateX_effect_hover_tablet&quot;:{&quot;unit&quot;:&quot;px&quot;,&quot;size&quot;:&quot;&quot;,&quot;sizes&quot;:[]},&quot;_transform_translateX_effect_hover_mobile&quot;:{&quot;unit&quot;:&quot;px&quot;,&quot;size&quot;:&quot;&quot;,&quot;sizes&quot;:[]},&quot;_transform_translateY_effect_hover_tablet&quot;:{&quot;unit&quot;:&quot;px&quot;,&quot;size&quot;:&quot;&quot;,&quot;sizes&quot;:[]},&quot;_transform_translateY_effect_hover_mobile&quot;:{&quot;unit&quot;:&quot;px&quot;,&quot;size&quot;:&quot;&quot;,&quot;sizes&quot;:[]}}\" data-widget_type=\"button.default\">\n\t\t\t\t<div class=\"elementor-widget-container\">\n\t\t\t\t\t<div class=\"elementor-button-wrapper\">\n\t\t\t<a href=\"https:\/\/showroom.amipass.com\/demo?utm_source=apollo&#038;utm_medium=mailing&#038;utm_campaign=ab&#038;return_url=https%3A%2F%2Fwww.amipass.com%2Festandar-de-beneficios%2F\" class=\"elementor-button-link elementor-button elementor-size-xl\" role=\"button\">\n\t\t\t\t\t\t<span class=\"elementor-button-content-wrapper\">\n\t\t\t\t\t\t<span class=\"elementor-button-text\">Explorar beneficios<\/span>\n\t\t<\/span>\n\t\t\t\t\t<\/a>\n\t\t<\/div>\n\t\t\t\t<\/div>\n\t\t\t\t<\/div>\n\t\t\t\t<div class=\"elementor-element elementor-element-ad74fbe elementor-align-left elementor-widget__width-auto e-transform elementor-widget elementor-widget-button\" data-id=\"ad74fbe\" data-element_type=\"widget\" data-settings=\"{&quot;_transform_translateY_effect_hover&quot;:{&quot;unit&quot;:&quot;px&quot;,&quot;size&quot;:-10,&quot;sizes&quot;:[]},&quot;_transform_translateX_effect_hover&quot;:{&quot;unit&quot;:&quot;px&quot;,&quot;size&quot;:&quot;&quot;,&quot;sizes&quot;:[]},&quot;_transform_translateX_effect_hover_tablet&quot;:{&quot;unit&quot;:&quot;px&quot;,&quot;size&quot;:&quot;&quot;,&quot;sizes&quot;:[]},&quot;_transform_translateX_effect_hover_mobile&quot;:{&quot;unit&quot;:&quot;px&quot;,&quot;size&quot;:&quot;&quot;,&quot;sizes&quot;:[]},&quot;_transform_translateY_effect_hover_tablet&quot;:{&quot;unit&quot;:&quot;px&quot;,&quot;size&quot;:&quot;&quot;,&quot;sizes&quot;:[]},&quot;_transform_translateY_effect_hover_mobile&quot;:{&quot;unit&quot;:&quot;px&quot;,&quot;size&quot;:&quot;&quot;,&quot;sizes&quot;:[]}}\" data-widget_type=\"button.default\">\n\t\t\t\t<div class=\"elementor-widget-container\">\n\t\t\t\t\t<div class=\"elementor-button-wrapper\">\n\t\t\t<a href=\"https:\/\/app.apollo.io\/#\/meet\/lcy-lkv-ald\/30-min\" class=\"elementor-button-link elementor-button elementor-size-xl\" role=\"button\">\n\t\t\t\t\t\t<span class=\"elementor-button-content-wrapper\">\n\t\t\t\t\t\t<span class=\"elementor-button-text\">Agendar Reuni\u00f3n<\/span>\n\t\t<\/span>\n\t\t\t\t\t<\/a>\n\t\t<\/div>\n\t\t\t\t<\/div>\n\t\t\t\t<\/div>\n\t\t\t\t<section data-particle_enable=\"false\" data-particle-mobile-disabled=\"false\" class=\"elementor-section elementor-inner-section elementor-element elementor-element-47e795b elementor-section-boxed elementor-section-height-default elementor-section-height-default\" data-id=\"47e795b\" data-element_type=\"section\">\n\t\t\t\t\t\t<div class=\"elementor-container elementor-column-gap-default\">\n\t\t\t\t\t<div class=\"elementor-column elementor-col-33 elementor-inner-column elementor-element elementor-element-fff6391\" data-id=\"fff6391\" data-element_type=\"column\">\n\t\t\t<div class=\"elementor-widget-wrap elementor-element-populated\">\n\t\t\t\t\t\t\t\t<div class=\"elementor-element elementor-element-bbe36a0 elementor-view-default elementor-vertical-align-top elementor-widget elementor-widget-icon-box\" data-id=\"bbe36a0\" data-element_type=\"widget\" data-widget_type=\"icon-box.default\">\n\t\t\t\t<div class=\"elementor-widget-container\">\n\t\t\t<link rel=\"stylesheet\" href=\"https:\/\/www.amipass.com\/wordpress\/wp-content\/plugins\/elementor\/assets\/css\/widget-icon-box.min.css\">\t\t<div class=\"elementor-icon-box-wrapper\">\n\t\t\t\t\t\t<div class=\"elementor-icon-box-content\">\n\t\t\t\t<h2 class=\"elementor-icon-box-title\">\n\t\t\t\t\t<span  >\n\t\t\t\t\t\t+800\t\t\t\t\t<\/span>\n\t\t\t\t<\/h2>\n\t\t\t\t\t\t\t\t\t<p class=\"elementor-icon-box-description\">\n\t\t\t\t\t\tEmpresas activas\t\t\t\t\t<\/p>\n\t\t\t\t\t\t\t<\/div>\n\t\t<\/div>\n\t\t\t\t<\/div>\n\t\t\t\t<\/div>\n\t\t\t\t\t<\/div>\n\t\t<\/div>\n\t\t\t\t<div class=\"elementor-column elementor-col-33 elementor-inner-column elementor-element elementor-element-7229a1e\" data-id=\"7229a1e\" data-element_type=\"column\">\n\t\t\t<div class=\"elementor-widget-wrap elementor-element-populated\">\n\t\t\t\t\t\t\t\t<div class=\"elementor-element elementor-element-7f0dcb8 elementor-view-default elementor-vertical-align-top elementor-widget elementor-widget-icon-box\" data-id=\"7f0dcb8\" data-element_type=\"widget\" data-widget_type=\"icon-box.default\">\n\t\t\t\t<div class=\"elementor-widget-container\">\n\t\t\t\t\t<div class=\"elementor-icon-box-wrapper\">\n\t\t\t\t\t\t<div class=\"elementor-icon-box-content\">\n\t\t\t\t<h2 class=\"elementor-icon-box-title\">\n\t\t\t\t\t<span  >\n\t\t\t\t\t\tEmpresa B\t\t\t\t\t<\/span>\n\t\t\t\t<\/h2>\n\t\t\t\t\t\t\t\t\t<p class=\"elementor-icon-box-description\">\n\t\t\t\t\t\tCertificaci\u00f3n\t\t\t\t\t<\/p>\n\t\t\t\t\t\t\t<\/div>\n\t\t<\/div>\n\t\t\t\t<\/div>\n\t\t\t\t<\/div>\n\t\t\t\t\t<\/div>\n\t\t<\/div>\n\t\t\t\t<div class=\"elementor-column elementor-col-33 elementor-inner-column elementor-element elementor-element-5f3c363\" data-id=\"5f3c363\" data-element_type=\"column\">\n\t\t\t<div class=\"elementor-widget-wrap elementor-element-populated\">\n\t\t\t\t\t\t\t\t<div class=\"elementor-element elementor-element-f546895 elementor-view-default elementor-vertical-align-top elementor-widget elementor-widget-icon-box\" data-id=\"f546895\" data-element_type=\"widget\" data-widget_type=\"icon-box.default\">\n\t\t\t\t<div class=\"elementor-widget-container\">\n\t\t\t\t\t<div class=\"elementor-icon-box-wrapper\">\n\t\t\t\t\t\t<div class=\"elementor-icon-box-content\">\n\t\t\t\t<h2 class=\"elementor-icon-box-title\">\n\t\t\t\t\t<span  >\n\t\t\t\t\t\t15+ a\u00f1os\t\t\t\t\t<\/span>\n\t\t\t\t<\/h2>\n\t\t\t\t\t\t\t\t\t<p class=\"elementor-icon-box-description\">\n\t\t\t\t\t\tTrayectoria\t\t\t\t\t<\/p>\n\t\t\t\t\t\t\t<\/div>\n\t\t<\/div>\n\t\t\t\t<\/div>\n\t\t\t\t<\/div>\n\t\t\t\t\t<\/div>\n\t\t<\/div>\n\t\t\t\t\t\t\t<\/div>\n\t\t<\/section>\n\t\t\t\t\t<\/div>\n\t\t<\/div>\n\t\t\t\t<div class=\"elementor-column elementor-col-33 elementor-top-column elementor-element elementor-element-d3c148a\" data-id=\"d3c148a\" data-element_type=\"column\">\n\t\t\t<div class=\"elementor-widget-wrap elementor-element-populated\">\n\t\t\t\t\t\t\t\t<div class=\"elementor-element elementor-element-a17bd6f elementor-widget elementor-widget-html\" data-id=\"a17bd6f\" data-element_type=\"widget\" data-widget_type=\"html.default\">\n\t\t\t\t<div class=\"elementor-widget-container\">\n\t\t\t<!--\r\n\r\n -->\r\n\r\n\r\n<script src=\"https:\/\/js-na3.hsforms.net\/forms\/embed\/342345874.js\" defer><\/script>\r\n<div class=\"hs-form-frame\" data-region=\"na3\" data-form-id=\"cd10f0c0-6908-403e-a86b-054d4f71a9c2\" data-portal-id=\"342345874\"><\/div>\r\n\r\n\r\n\r\n<script>\r\n  if (window.location.search.indexOf('url_landing_page') === -1) {\r\n    var url = window.location.href.split('?')[0];\r\n    window.location.replace(url + '?url_landing_page=' + encodeURIComponent(url));\r\n  }\r\n<\/script>\t\t<\/div>\n\t\t\t\t<\/div>\n\t\t\t\t\t<\/div>\n\t\t<\/div>\n\t\t\t\t\t\t\t<\/div>\n\t\t<\/section>\n\t\t\t\t\t\t\t<\/div>","protected":false},"excerpt":{"rendered":"<p>\u00bfQu\u00e9 incluye un est\u00e1ndar de beneficios de clase mundial? Revisa el est\u00e1ndar que usan +800 empresas y compara con lo que tienes hoy. Explorar beneficios Agendar Reuni\u00f3n +800 Empresas activas Empresa B Certificaci\u00f3n 15+ a\u00f1os Trayectoria<\/p>","protected":false},"author":6,"featured_media":0,"parent":0,"menu_order":0,"comment_status":"closed","ping_status":"closed","template":"","meta":{"content-type":"","site-sidebar-layout":"no-sidebar","site-content-layout":"page-builder","ast-main-header-display":"","ast-hfb-above-header-display":"","ast-hfb-below-header-display":"","ast-hfb-mobile-header-display":"","site-post-title":"disabled","ast-breadcrumbs-content":"","ast-featured-img":"disabled","footer-sml-layout":"","theme-transparent-header-meta":"","adv-header-id-meta":"","stick-header-meta":"","header-above-stick-meta":"","header-main-stick-meta":"","header-below-stick-meta":""},"yoast_head":"<!-- This site is optimized with the Yoast SEO plugin v19.3 - https:\/\/yoast.com\/wordpress\/plugins\/seo\/ -->\n<title>estandar - amiPASS<\/title>\n<meta name=\"robots\" content=\"index, follow, max-snippet:-1, max-image-preview:large, max-video-preview:-1\" \/>\n<link rel=\"canonical\" href=\"https:\/\/www.amipass.com\/en\/estandar-de-beneficios\/\" \/>\n<meta property=\"og:locale\" content=\"en_US\" \/>\n<meta property=\"og:type\" content=\"article\" \/>\n<meta property=\"og:title\" content=\"estandar - amiPASS\" \/>\n<meta property=\"og:description\" content=\"\u00bfQu\u00e9 incluye un est\u00e1ndar de beneficios de clase mundial? Revisa el est\u00e1ndar que usan +800 empresas y compara con lo que tienes hoy. Explorar beneficios Agendar Reuni\u00f3n +800 Empresas activas Empresa B Certificaci\u00f3n 15+ a\u00f1os Trayectoria\" \/>\n<meta property=\"og:url\" content=\"https:\/\/www.amipass.com\/en\/estandar-de-beneficios\/\" \/>\n<meta property=\"og:site_name\" content=\"amiPASS\" \/>\n<meta property=\"article:publisher\" content=\"https:\/\/www.facebook.com\/amipasschile\" \/>\n<meta property=\"article:modified_time\" content=\"2026-04-06T22:13:09+00:00\" \/>\n<meta property=\"og:image\" content=\"https:\/\/www.amipass.com\/wordpress\/wp-content\/uploads\/2023\/09\/Logotipo_amiPASS-300x84.png\" \/>\n<meta name=\"twitter:card\" content=\"summary_large_image\" \/>\n<meta name=\"twitter:site\" content=\"@amipass_chile\" \/>\n<script type=\"application\/ld+json\" class=\"yoast-schema-graph\">{\"@context\":\"https:\/\/schema.org\",\"@graph\":[{\"@type\":\"Organization\",\"@id\":\"https:\/\/www.amipass.com\/#organization\",\"name\":\"Amipass\",\"url\":\"https:\/\/www.amipass.com\/\",\"sameAs\":[\"https:\/\/www.instagram.com\/amipass.chile\/\",\"https:\/\/www.linkedin.com\/company\/amipass-chile\/mycompany\/\",\"https:\/\/www.youtube.com\/channel\/UCggAwBb-Ml7JJtQ3Vcs4IXQ\",\"https:\/\/www.facebook.com\/amipasschile\",\"https:\/\/twitter.com\/amipass_chile\"],\"logo\":{\"@type\":\"ImageObject\",\"inLanguage\":\"en-US\",\"@id\":\"https:\/\/www.amipass.com\/#\/schema\/logo\/image\/\",\"url\":\"https:\/\/www.amipass.com\/wordpress\/wp-content\/uploads\/2022\/03\/logo-amipass-blanco-verde-1.png\",\"contentUrl\":\"https:\/\/www.amipass.com\/wordpress\/wp-content\/uploads\/2022\/03\/logo-amipass-blanco-verde-1.png\",\"width\":601,\"height\":154,\"caption\":\"Amipass\"},\"image\":{\"@id\":\"https:\/\/www.amipass.com\/#\/schema\/logo\/image\/\"}},{\"@type\":\"WebSite\",\"@id\":\"https:\/\/www.amipass.com\/#website\",\"url\":\"https:\/\/www.amipass.com\/\",\"name\":\"amiPASS\",\"description\":\"Personas\",\"publisher\":{\"@id\":\"https:\/\/www.amipass.com\/#organization\"},\"potentialAction\":[{\"@type\":\"SearchAction\",\"target\":{\"@type\":\"EntryPoint\",\"urlTemplate\":\"https:\/\/www.amipass.com\/?s={search_term_string}\"},\"query-input\":\"required name=search_term_string\"}],\"inLanguage\":\"en-US\"},{\"@type\":\"ImageObject\",\"inLanguage\":\"en-US\",\"@id\":\"https:\/\/www.amipass.com\/estandar-de-beneficios\/#primaryimage\",\"url\":\"https:\/\/www.amipass.com\/wordpress\/wp-content\/uploads\/2023\/09\/Logotipo_amiPASS.png\",\"contentUrl\":\"https:\/\/www.amipass.com\/wordpress\/wp-content\/uploads\/2023\/09\/Logotipo_amiPASS.png\",\"width\":1015,\"height\":283},{\"@type\":\"WebPage\",\"@id\":\"https:\/\/www.amipass.com\/estandar-de-beneficios\/\",\"url\":\"https:\/\/www.amipass.com\/estandar-de-beneficios\/\",\"name\":\"estandar - amiPASS\",\"isPartOf\":{\"@id\":\"https:\/\/www.amipass.com\/#website\"},\"primaryImageOfPage\":{\"@id\":\"https:\/\/www.amipass.com\/estandar-de-beneficios\/#primaryimage\"},\"datePublished\":\"2026-02-27T19:50:27+00:00\",\"dateModified\":\"2026-04-06T22:13:09+00:00\",\"breadcrumb\":{\"@id\":\"https:\/\/www.amipass.com\/estandar-de-beneficios\/#breadcrumb\"},\"inLanguage\":\"en-US\",\"potentialAction\":[{\"@type\":\"ReadAction\",\"target\":[\"https:\/\/www.amipass.com\/estandar-de-beneficios\/\"]}]},{\"@type\":\"BreadcrumbList\",\"@id\":\"https:\/\/www.amipass.com\/estandar-de-beneficios\/#breadcrumb\",\"itemListElement\":[{\"@type\":\"ListItem\",\"position\":1,\"name\":\"Home\",\"item\":\"https:\/\/www.amipass.com\/\"},{\"@type\":\"ListItem\",\"position\":2,\"name\":\"estandar\"}]}]}<\/script>\n<!-- \/ Yoast SEO plugin. -->","yoast_head_json":{"title":"estandar - amiPASS","robots":{"index":"index","follow":"follow","max-snippet":"max-snippet:-1","max-image-preview":"max-image-preview:large","max-video-preview":"max-video-preview:-1"},"canonical":"https:\/\/www.amipass.com\/en\/estandar-de-beneficios\/","og_locale":"en_US","og_type":"article","og_title":"estandar - amiPASS","og_description":"\u00bfQu\u00e9 incluye un est\u00e1ndar de beneficios de clase mundial? Revisa el est\u00e1ndar que usan +800 empresas y compara con lo que tienes hoy. Explorar beneficios Agendar Reuni\u00f3n +800 Empresas activas Empresa B Certificaci\u00f3n 15+ a\u00f1os Trayectoria","og_url":"https:\/\/www.amipass.com\/en\/estandar-de-beneficios\/","og_site_name":"amiPASS","article_publisher":"https:\/\/www.facebook.com\/amipasschile","article_modified_time":"2026-04-06T22:13:09+00:00","og_image":[{"url":"https:\/\/www.amipass.com\/wordpress\/wp-content\/uploads\/2023\/09\/Logotipo_amiPASS-300x84.png"}],"twitter_card":"summary_large_image","twitter_site":"@amipass_chile","schema":{"@context":"https:\/\/schema.org","@graph":[{"@type":"Organization","@id":"https:\/\/www.amipass.com\/#organization","name":"Amipass","url":"https:\/\/www.amipass.com\/","sameAs":["https:\/\/www.instagram.com\/amipass.chile\/","https:\/\/www.linkedin.com\/company\/amipass-chile\/mycompany\/","https:\/\/www.youtube.com\/channel\/UCggAwBb-Ml7JJtQ3Vcs4IXQ","https:\/\/www.facebook.com\/amipasschile","https:\/\/twitter.com\/amipass_chile"],"logo":{"@type":"ImageObject","inLanguage":"en-US","@id":"https:\/\/www.amipass.com\/#\/schema\/logo\/image\/","url":"https:\/\/www.amipass.com\/wordpress\/wp-content\/uploads\/2022\/03\/logo-amipass-blanco-verde-1.png","contentUrl":"https:\/\/www.amipass.com\/wordpress\/wp-content\/uploads\/2022\/03\/logo-amipass-blanco-verde-1.png","width":601,"height":154,"caption":"Amipass"},"image":{"@id":"https:\/\/www.amipass.com\/#\/schema\/logo\/image\/"}},{"@type":"WebSite","@id":"https:\/\/www.amipass.com\/#website","url":"https:\/\/www.amipass.com\/","name":"amiPASS","description":"Personas","publisher":{"@id":"https:\/\/www.amipass.com\/#organization"},"potentialAction":[{"@type":"SearchAction","target":{"@type":"EntryPoint","urlTemplate":"https:\/\/www.amipass.com\/?s={search_term_string}"},"query-input":"required name=search_term_string"}],"inLanguage":"en-US"},{"@type":"ImageObject","inLanguage":"en-US","@id":"https:\/\/www.amipass.com\/estandar-de-beneficios\/#primaryimage","url":"https:\/\/www.amipass.com\/wordpress\/wp-content\/uploads\/2023\/09\/Logotipo_amiPASS.png","contentUrl":"https:\/\/www.amipass.com\/wordpress\/wp-content\/uploads\/2023\/09\/Logotipo_amiPASS.png","width":1015,"height":283},{"@type":"WebPage","@id":"https:\/\/www.amipass.com\/estandar-de-beneficios\/","url":"https:\/\/www.amipass.com\/estandar-de-beneficios\/","name":"estandar - amiPASS","isPartOf":{"@id":"https:\/\/www.amipass.com\/#website"},"primaryImageOfPage":{"@id":"https:\/\/www.amipass.com\/estandar-de-beneficios\/#primaryimage"},"datePublished":"2026-02-27T19:50:27+00:00","dateModified":"2026-04-06T22:13:09+00:00","breadcrumb":{"@id":"https:\/\/www.amipass.com\/estandar-de-beneficios\/#breadcrumb"},"inLanguage":"en-US","potentialAction":[{"@type":"ReadAction","target":["https:\/\/www.amipass.com\/estandar-de-beneficios\/"]}]},{"@type":"BreadcrumbList","@id":"https:\/\/www.amipass.com\/estandar-de-beneficios\/#breadcrumb","itemListElement":[{"@type":"ListItem","position":1,"name":"Home","item":"https:\/\/www.amipass.com\/"},{"@type":"ListItem","position":2,"name":"estandar"}]}]}},"_links":{"self":[{"href":"https:\/\/www.amipass.com\/en\/wp-json\/wp\/v2\/pages\/14455"}],"collection":[{"href":"https:\/\/www.amipass.com\/en\/wp-json\/wp\/v2\/pages"}],"about":[{"href":"https:\/\/www.amipass.com\/en\/wp-json\/wp\/v2\/types\/page"}],"author":[{"embeddable":true,"href":"https:\/\/www.amipass.com\/en\/wp-json\/wp\/v2\/users\/6"}],"replies":[{"embeddable":true,"href":"https:\/\/www.amipass.com\/en\/wp-json\/wp\/v2\/comments?post=14455"}],"version-history":[{"count":37,"href":"https:\/\/www.amipass.com\/en\/wp-json\/wp\/v2\/pages\/14455\/revisions"}],"predecessor-version":[{"id":14693,"href":"https:\/\/www.amipass.com\/en\/wp-json\/wp\/v2\/pages\/14455\/revisions\/14693"}],"wp:attachment":[{"href":"https:\/\/www.amipass.com\/en\/wp-json\/wp\/v2\/media?parent=14455"}],"curies":[{"name":"wp","href":"https:\/\/api.w.org\/{rel}","templated":true}]}}